{"id":898,"date":"2024-05-27T11:50:52","date_gmt":"2024-05-27T09:50:52","guid":{"rendered":"https:\/\/www.outdoorathleten.de\/?page_id=898"},"modified":"2026-04-28T12:01:41","modified_gmt":"2026-04-28T10:01:41","slug":"ernaehrungsberatung","status":"publish","type":"page","link":"https:\/\/www.outdoorathleten.de\/en\/ernaehrungsberatung\/","title":{"rendered":"Nutritional counselling"},"content":{"rendered":"<div class=\"et_pb_section_0 et_pb_section et_section_regular et_block_section hero\"><div class=\"et_pb_row_0 et_pb_row et_block_row\"><div class=\"et_pb_column_0 et_pb_column et_pb_column_4_4 et-last-child et_block_column et_pb_css_mix_blend_mode_passthrough\"><div class=\"et_pb_text_0 et_pb_text et_pb_bg_layout_light et_pb_module et_block_module\"><div class=\"et_pb_text_inner\"><h1>OUTDOOR ATHLETEN<br \/><span>Nutritional counselling<\/span><\/h1>\n<\/div><\/div><div class=\"et_pb_text_1 et_pb_text et_pb_bg_layout_light et_pb_module et_block_module\"><div class=\"et_pb_text_inner\"><h1>OUTDOOR ATHLETEN<br \/><span style=\"font-size: 1.6em;\">Ern\u00e4hrungs<br \/>beratung<\/span><\/h1>\n<\/div><\/div><div class=\"et_pb_text_2 et_pb_text et_pb_bg_layout_light et_pb_module et_block_module\"><div class=\"et_pb_text_inner\"><h3><span><em>\"Der h\u00e4rteste Weg f\u00fchrt oft zu den sch\u00f6nsten Zielen\"<\/em><br \/><\/span><\/h3>\n<\/div><\/div><\/div><\/div><\/div><div class=\"et_pb_section_1 et_pb_section et_section_regular et_block_section steps-intersection\"><div class=\"et_pb_row_1 et_pb_row et-vb-row--no-module et_block_row\"><div class=\"et_pb_column_1 et_pb_column et_pb_column_4_4 et-last-child et_block_column et_pb_column_empty et_pb_css_mix_blend_mode_passthrough\"><\/div><\/div><\/div><div class=\"et_pb_section_2 et_pb_section et_section_regular et_block_section\" id=\"info\"><div class=\"et_pb_row_2 et_pb_row et_block_row\"><div class=\"et_pb_column_2 et_pb_column et_pb_column_4_4 et-last-child et_block_column et_pb_css_mix_blend_mode_passthrough\"><div class=\"et_pb_text_3 et_pb_text et_pb_bg_layout_light et_pb_module et_block_module et_pb_text_align_center\"><div class=\"et_pb_text_inner\"><p><span style=\"font-weight: 400;\">You may be familiar with the feeling that you have tried a (dietary) change before, you have made an effort and tried everything, but the results did not last in the long term or were only slight despite your efforts. For example, the first 3 kilos were gone quickly, but then it didn't continue and you didn't know why. Did you do something wrong and if so, what? Perhaps this situation also made you feel insecure and demotivated and you didn't know how to carry on and now the kilos are back on just as they were before. <\/span><\/p>\n<p><span style=\"font-weight: 400;\">Or you are currently insecure and don't know where to start in the whole jungle of diets, products, programmes and promises. You don't know which concept is best suited to your individual needs and what is best for you in your current situation.<\/span><\/p>\n<\/div><\/div><div class=\"et_pb_text_4 et_pb_text et_pb_bg_layout_light et_pb_module et_block_module et_pb_text_align_center\"><div class=\"et_pb_text_inner\"><p class=\"translation-block\">This is exactly where our expertise and knowledge comes into play. Because <b>it's important that we see you as a person holistically and recognize your situation and the problems and barriers and work with you to change them<\/b>. A person with 3 children needs different changes than a person who is childless but travels a lot and works 60 hours a week. So lets find out what you need!<\/p>\n<\/div><\/div><div class=\"et_pb_module et_pb_button_module_wrapper et_pb_button_0_wrapper\"><a class=\"et_pb_button_0 et_pb_button et_pb_bg_layout_light et_animated et_pb_module et_block_module\" href=\"https:\/\/www.outdoorathleten.de\/en\/kontakt\/\">Send us your request for a consultation<\/a><\/div><\/div><\/div><div class=\"et_pb_row_3 et_pb_row et_block_row\"><div class=\"et_pb_column_3 et_pb_column et_pb_column_1_2 et_block_column et_pb_css_mix_blend_mode_passthrough\"><div class=\"et_pb_image_0 et_pb_image et_animated et_pb_module et_block_module\"><span class=\"et_pb_image_wrap\"><img loading=\"lazy\" decoding=\"async\" src=\"https:\/\/www.outdoorathleten.de\/wp-content\/uploads\/oa-ernaehrungsberatung-tobi.jpg\" width=\"1920\" height=\"1277\" srcset=\"https:\/\/www.outdoorathleten.de\/wp-content\/uploads\/oa-ernaehrungsberatung-tobi.jpg 1920w, https:\/\/www.outdoorathleten.de\/wp-content\/uploads\/oa-ernaehrungsberatung-tobi-1280x851.jpg 1280w, https:\/\/www.outdoorathleten.de\/wp-content\/uploads\/oa-ernaehrungsberatung-tobi-980x652.jpg 980w, https:\/\/www.outdoorathleten.de\/wp-content\/uploads\/oa-ernaehrungsberatung-tobi-480x319.jpg 480w\" sizes=\"(min-width: 0px) and (max-width: 480px) 480px, (min-width: 481px) and (max-width: 980px) 980px, (min-width: 981px) and (max-width: 1280px) 1280px, (min-width: 1281px) 1920px, 100vw\" class=\"wp-image-913\" title=\"oa-ernaehrungsberatung-tobi\" \/><\/span><\/div><\/div><div class=\"et_pb_column_4 et_pb_column et_pb_column_1_2 et-last-child et_block_column et_pb_css_mix_blend_mode_passthrough\"><div class=\"et_pb_image_1 et_pb_image et_animated et_pb_module et_block_module\"><span class=\"et_pb_image_wrap\"><img loading=\"lazy\" decoding=\"async\" src=\"https:\/\/www.outdoorathleten.de\/wp-content\/uploads\/Ernaehrungs-beratung.jpg\" width=\"1920\" height=\"1277\" srcset=\"https:\/\/www.outdoorathleten.de\/wp-content\/uploads\/Ernaehrungs-beratung.jpg 1920w, https:\/\/www.outdoorathleten.de\/wp-content\/uploads\/Ernaehrungs-beratung-1280x851.jpg 1280w, https:\/\/www.outdoorathleten.de\/wp-content\/uploads\/Ernaehrungs-beratung-980x652.jpg 980w, https:\/\/www.outdoorathleten.de\/wp-content\/uploads\/Ernaehrungs-beratung-480x319.jpg 480w\" sizes=\"(min-width: 0px) and (max-width: 480px) 480px, (min-width: 481px) and (max-width: 980px) 980px, (min-width: 981px) and (max-width: 1280px) 1280px, (min-width: 1281px) 1920px, 100vw\" class=\"wp-image-30284\" title=\"Erna\u0308hrungs-beratung\" \/><\/span><\/div><\/div><\/div><div class=\"et_pb_row_4 et_pb_row et_block_row\"><div class=\"et_pb_column_5 et_pb_column et_pb_column_4_4 et-last-child et_block_column et_pb_css_mix_blend_mode_passthrough\"><div class=\"et_pb_text_5 et_pb_text et_pb_bg_layout_light et_pb_module et_block_module et_pb_text_align_center\"><div class=\"et_pb_text_inner\"><p class=\"translation-block\">A journey must be well planned, especially if it is complex and long. The starting point, the duration, the equipment and much more must be precisely tailored to the journey and the travellers. It is exactly the same with other kinds of changes. There is no point in simply suggesting changes that are not specifically suitable and you don't just have to grit your teeth and get on with it. NO, a good plan must always be discussed beforehand, taolired to the needs, then tried and monitored and changed if necessary.<\/p>\n<p class=\"translation-block\">Science tells us in which situations certain approaches are more suitable or make more sense, but it may be that a completely individualised, different approach is much easier to implement and, above all, to maintain in the long term. We will therefore discuss YOUR changes openly with you and advise you on the best approach for you as an individual in YOUR situation.<\/p>\n<\/div><\/div><div class=\"et_pb_image_2 et_pb_image et_animated et_pb_module et_block_module\"><span class=\"et_pb_image_wrap\"><img loading=\"lazy\" decoding=\"async\" src=\"https:\/\/www.outdoorathleten.de\/wp-content\/uploads\/arrow-down-greenbase.png\" width=\"80\" height=\"128\" srcset=\"https:\/\/www.outdoorathleten.de\/wp-content\/uploads\/arrow-down-greenbase.png 80w\" sizes=\"(max-width: 80px) 100vw, 80px\" class=\"wp-image-66\" title=\"arrow-down-greenbase\" \/><\/span><\/div><div class=\"et_pb_text_6 et_pb_text et_pb_bg_layout_light et_animated et_pb_module et_block_module et_pb_text_align_center\"><div class=\"et_pb_text_inner\"><h3 class=\"translation-block\">Make <strong>your change visible now<\/strong>!<\/h3>\n<\/div><\/div><div class=\"et_pb_module et_pb_button_module_wrapper et_pb_button_1_wrapper\"><a class=\"et_pb_button_1 et_pb_button et_pb_bg_layout_light et_animated et_pb_module et_block_module\" href=\"https:\/\/www.outdoorathleten.de\/en\/kontakt\/\">Start NOW!!<\/a><\/div><div class=\"et_pb_image_3 et_pb_image et_pb_module et_block_module\"><span class=\"et_pb_image_wrap\"><img loading=\"lazy\" decoding=\"async\" src=\"https:\/\/www.outdoorathleten.de\/wp-content\/uploads\/oa-koerper-kompositions-analyse.png\" width=\"1080\" height=\"1080\" srcset=\"https:\/\/www.outdoorathleten.de\/wp-content\/uploads\/oa-koerper-kompositions-analyse.png 1080w, https:\/\/www.outdoorathleten.de\/wp-content\/uploads\/oa-koerper-kompositions-analyse-980x980.png 980w, https:\/\/www.outdoorathleten.de\/wp-content\/uploads\/oa-koerper-kompositions-analyse-480x480.png 480w\" sizes=\"(min-width: 0px) and (max-width: 480px) 480px, (min-width: 481px) and (max-width: 980px) 980px, (min-width: 981px) 1080px, 100vw\" class=\"wp-image-922\" title=\"oa-koerper-kompositions-analyse\" \/><\/span><\/div><div class=\"et_pb_text_7 et_pb_text et_pb_bg_layout_light et_pb_module et_block_module et_pb_text_align_center\"><div class=\"et_pb_text_inner\"><h3 class=\"translation-block\">As such a task is not simple and straightforward, appropriate communication and a continuous dialogue is essential. A good plan usually develops over time and needs to be changed from time to time.<\/h3>\n<\/div><\/div><div class=\"et_pb_image_4 et_pb_image et_animated et_pb_module et_block_module\"><span class=\"et_pb_image_wrap\"><img loading=\"lazy\" decoding=\"async\" src=\"https:\/\/www.outdoorathleten.de\/wp-content\/uploads\/oa-linie.png\" width=\"412\" height=\"39\" srcset=\"https:\/\/www.outdoorathleten.de\/wp-content\/uploads\/oa-linie.png 412w, https:\/\/www.outdoorathleten.de\/wp-content\/uploads\/oa-linie-300x28.png 300w, https:\/\/www.outdoorathleten.de\/wp-content\/uploads\/oa-linie-400x39.png 400w\" sizes=\"(max-width: 412px) 100vw, 412px\" class=\"wp-image-255\" title=\"oa-linie\" \/><\/span><\/div><div class=\"et_pb_text_8 et_pb_text et_pb_bg_layout_light et_animated et_pb_module et_block_module et_pb_text_align_center\"><div class=\"et_pb_text_inner\"><h3><strong>Pillars of a lifestyle change<\/strong><\/h3>\n<\/div><\/div><\/div><\/div><div class=\"et_pb_row_5 et_pb_row et_block_row\"><div class=\"et_pb_column_6 et_pb_column et_pb_column_1_3 et_block_column et_pb_css_mix_blend_mode_passthrough et_animated\"><div class=\"et_pb_text_9 et_pb_text et_pb_bg_layout_light et_pb_module et_block_module\"><div class=\"et_pb_text_inner\"><h3 class=\"translation-block\"><b>NUTRITION<\/b> (Knowledge)<\/h3>\n<\/div><\/div><\/div><div class=\"et_pb_column_7 et_pb_column et_pb_column_1_3 et_block_column et_pb_css_mix_blend_mode_passthrough et_animated\"><div class=\"et_pb_text_10 et_pb_text et_pb_bg_layout_light et_pb_module et_block_module\"><div class=\"et_pb_text_inner\"><h3 class=\"translation-block\"><b>TRAINING<\/b> (activity)<\/h3>\n<\/div><\/div><\/div><div class=\"et_pb_column_8 et_pb_column et_pb_column_1_3 et-last-child et_block_column et_pb_css_mix_blend_mode_passthrough et_animated\"><div class=\"et_pb_text_11 et_pb_text et_pb_bg_layout_light et_pb_module et_block_module\"><div class=\"et_pb_text_inner\"><h3 class=\"translation-block\"><b>MOTIVATION<\/b> (psyche)<\/h3>\n<\/div><\/div><\/div><\/div><div class=\"et_pb_row_6 et_pb_row et_block_row\"><div class=\"et_pb_column_9 et_pb_column et_pb_column_4_4 et-last-child et_block_column et_pb_css_mix_blend_mode_passthrough\"><div class=\"et_pb_text_12 et_pb_text et_pb_bg_layout_light et_pb_module et_block_module et_pb_text_align_center\"><div class=\"et_pb_text_inner\"><p class=\"translation-block\">In order for us to make such changes for you with our structured system, we need to get to know you better and understand you, which is why we offer you our nutritional consultations. Here we learn a lot about you, your goals and your situation and this helps us to categorise everything and adapt the system to you. The basic things that work and are important here are known to us from research and still need to be customised to you in detail.<\/p>\n<p><b>The goal is to create a long-term plan that fits your lifestyle and needs.<\/b><span style=\"font-weight: 400;\">!!<\/span><\/p>\n<\/div><\/div><div class=\"et_pb_text_13 et_pb_text et_pb_bg_layout_light et_pb_module et_block_module et_pb_text_align_center\"><div class=\"et_pb_text_inner\"><p><span style=\"font-weight: 400;\">We will provide you with specific tasks or recommendations that will help you get closer to your goals, such as muscle building, performance enhancement, or fat loss. In this process, there are several factors that can play a crucial role. Together, we will determine whether we can best support you through increased activity, enhanced motivation and mindset, or a comprehensive nutritional adjustment.<\/span><\/p>\n<\/div><\/div><div class=\"et_pb_image_5 et_pb_image et_animated et_pb_module et_block_module\"><span class=\"et_pb_image_wrap\"><img loading=\"lazy\" decoding=\"async\" src=\"https:\/\/www.outdoorathleten.de\/wp-content\/uploads\/arrow-down-greenbase.png\" width=\"80\" height=\"128\" srcset=\"https:\/\/www.outdoorathleten.de\/wp-content\/uploads\/arrow-down-greenbase.png 80w\" sizes=\"(max-width: 80px) 100vw, 80px\" class=\"wp-image-66\" title=\"arrow-down-greenbase\" \/><\/span><\/div><div class=\"et_pb_module et_pb_button_module_wrapper et_pb_button_2_wrapper\"><a class=\"et_pb_button_2 et_pb_button et_pb_bg_layout_light et_animated et_pb_module et_block_module\" href=\"https:\/\/www.outdoorathleten.de\/en\/kontakt\/\">START YOUR CHANGE NOW!<\/a><\/div><\/div><\/div><\/div>","protected":false},"excerpt":{"rendered":"","protected":false},"author":5,"featured_media":0,"parent":0,"menu_order":0,"comment_status":"closed","ping_status":"closed","template":"","meta":{"footnotes":""},"difl_page_category":[],"class_list":["post-898","page","type-page","status-publish","hentry"],"yoast_head":"<!-- This site is optimized with the Yoast SEO plugin v27.5 - https:\/\/yoast.com\/product\/yoast-seo-wordpress\/ -->\n<title>Ern\u00e4hrungsberatung - Outdoor Athleten<\/title>\n<meta name=\"robots\" content=\"index, follow, max-snippet:-1, max-image-preview:large, max-video-preview:-1\" \/>\n<link rel=\"canonical\" href=\"https:\/\/www.outdoorathleten.de\/en\/ernaehrungsberatung\/\" \/>\n<meta property=\"og:locale\" content=\"en_US\" \/>\n<meta property=\"og:type\" content=\"article\" \/>\n<meta property=\"og:title\" content=\"Ern\u00e4hrungsberatung - Outdoor Athleten\" \/>\n<meta property=\"og:url\" content=\"https:\/\/www.outdoorathleten.de\/en\/ernaehrungsberatung\/\" \/>\n<meta property=\"og:site_name\" content=\"Outdoor Athleten\" \/>\n<meta property=\"article:modified_time\" content=\"2026-04-28T10:01:41+00:00\" \/>\n<meta name=\"twitter:card\" content=\"summary_large_image\" \/>\n<script type=\"application\/ld+json\" class=\"yoast-schema-graph\">{\"@context\":\"https:\\\/\\\/schema.org\",\"@graph\":[{\"@type\":\"WebPage\",\"@id\":\"https:\\\/\\\/www.outdoorathleten.de\\\/ernaehrungsberatung\\\/\",\"url\":\"https:\\\/\\\/www.outdoorathleten.de\\\/ernaehrungsberatung\\\/\",\"name\":\"Ern\u00e4hrungsberatung - Outdoor Athleten\",\"isPartOf\":{\"@id\":\"https:\\\/\\\/www.outdoorathleten.de\\\/#website\"},\"datePublished\":\"2024-05-27T09:50:52+00:00\",\"dateModified\":\"2026-04-28T10:01:41+00:00\",\"inLanguage\":\"en-US\",\"potentialAction\":[{\"@type\":\"ReadAction\",\"target\":[\"https:\\\/\\\/www.outdoorathleten.de\\\/ernaehrungsberatung\\\/\"]}]},{\"@type\":\"WebSite\",\"@id\":\"https:\\\/\\\/www.outdoorathleten.de\\\/#website\",\"url\":\"https:\\\/\\\/www.outdoorathleten.de\\\/\",\"name\":\"Outdoor Athleten\",\"description\":\"\",\"potentialAction\":[{\"@type\":\"SearchAction\",\"target\":{\"@type\":\"EntryPoint\",\"urlTemplate\":\"https:\\\/\\\/www.outdoorathleten.de\\\/?s={search_term_string}\"},\"query-input\":{\"@type\":\"PropertyValueSpecification\",\"valueRequired\":true,\"valueName\":\"search_term_string\"}}],\"inLanguage\":\"en-US\"}]}<\/script>\n<!-- \/ Yoast SEO plugin. -->","yoast_head_json":{"title":"Ern\u00e4hrungsberatung - Outdoor Athleten","robots":{"index":"index","follow":"follow","max-snippet":"max-snippet:-1","max-image-preview":"max-image-preview:large","max-video-preview":"max-video-preview:-1"},"canonical":"https:\/\/www.outdoorathleten.de\/en\/ernaehrungsberatung\/","og_locale":"en_US","og_type":"article","og_title":"Ern\u00e4hrungsberatung - Outdoor Athleten","og_url":"https:\/\/www.outdoorathleten.de\/en\/ernaehrungsberatung\/","og_site_name":"Outdoor Athleten","article_modified_time":"2026-04-28T10:01:41+00:00","twitter_card":"summary_large_image","schema":{"@context":"https:\/\/schema.org","@graph":[{"@type":"WebPage","@id":"https:\/\/www.outdoorathleten.de\/ernaehrungsberatung\/","url":"https:\/\/www.outdoorathleten.de\/ernaehrungsberatung\/","name":"Ern\u00e4hrungsberatung - Outdoor Athleten","isPartOf":{"@id":"https:\/\/www.outdoorathleten.de\/#website"},"datePublished":"2024-05-27T09:50:52+00:00","dateModified":"2026-04-28T10:01:41+00:00","inLanguage":"en-US","potentialAction":[{"@type":"ReadAction","target":["https:\/\/www.outdoorathleten.de\/ernaehrungsberatung\/"]}]},{"@type":"WebSite","@id":"https:\/\/www.outdoorathleten.de\/#website","url":"https:\/\/www.outdoorathleten.de\/","name":"Outdoor Athleten","description":"","potentialAction":[{"@type":"SearchAction","target":{"@type":"EntryPoint","urlTemplate":"https:\/\/www.outdoorathleten.de\/?s={search_term_string}"},"query-input":{"@type":"PropertyValueSpecification","valueRequired":true,"valueName":"search_term_string"}}],"inLanguage":"en-US"}]}},"_links":{"self":[{"href":"https:\/\/www.outdoorathleten.de\/en\/wp-json\/wp\/v2\/pages\/898","targetHints":{"allow":["GET"]}}],"collection":[{"href":"https:\/\/www.outdoorathleten.de\/en\/wp-json\/wp\/v2\/pages"}],"about":[{"href":"https:\/\/www.outdoorathleten.de\/en\/wp-json\/wp\/v2\/types\/page"}],"author":[{"embeddable":true,"href":"https:\/\/www.outdoorathleten.de\/en\/wp-json\/wp\/v2\/users\/5"}],"replies":[{"embeddable":true,"href":"https:\/\/www.outdoorathleten.de\/en\/wp-json\/wp\/v2\/comments?post=898"}],"version-history":[{"count":47,"href":"https:\/\/www.outdoorathleten.de\/en\/wp-json\/wp\/v2\/pages\/898\/revisions"}],"predecessor-version":[{"id":30757,"href":"https:\/\/www.outdoorathleten.de\/en\/wp-json\/wp\/v2\/pages\/898\/revisions\/30757"}],"wp:attachment":[{"href":"https:\/\/www.outdoorathleten.de\/en\/wp-json\/wp\/v2\/media?parent=898"}],"wp:term":[{"taxonomy":"difl_page_category","embeddable":true,"href":"https:\/\/www.outdoorathleten.de\/en\/wp-json\/wp\/v2\/difl_page_category?post=898"}],"curies":[{"name":"wp","href":"https:\/\/api.w.org\/{rel}","templated":true}]}}