{"id":30122,"date":"2024-09-12T12:36:06","date_gmt":"2024-09-12T10:36:06","guid":{"rendered":"https:\/\/www.outdoorathleten.de\/?page_id=30122"},"modified":"2026-04-22T08:55:15","modified_gmt":"2026-04-22T06:55:15","slug":"widerrufsbelehrung","status":"publish","type":"page","link":"https:\/\/www.outdoorathleten.de\/en\/widerrufsbelehrung\/","title":{"rendered":"Widerrufsbelehrung"},"content":{"rendered":"<p>[et_pb_section fb_built=&#8220;1&#8243; admin_label=&#8220;Section&#8220; module_class=&#8220;hero&#8220; _builder_version=&#8220;4.27.0&#8243; _module_preset=&#8220;default&#8220; background_enable_image=&#8220;off&#8220; background_size=&#8220;contain&#8220; custom_padding=&#8220;10vh||4px||false|false&#8220; da_disable_devices=&#8220;off|off|off&#8220; global_colors_info=&#8220;{}&#8220; da_is_popup=&#8220;off&#8220; da_exit_intent=&#8220;off&#8220; da_has_close=&#8220;on&#8220; da_alt_close=&#8220;off&#8220; da_dark_close=&#8220;off&#8220; da_not_modal=&#8220;on&#8220; da_is_singular=&#8220;off&#8220; da_with_loader=&#8220;off&#8220; da_has_shadow=&#8220;on&#8220;][et_pb_row _builder_version=&#8220;4.24.0&#8243; _module_preset=&#8220;default&#8220; width=&#8220;100%&#8220; global_colors_info=&#8220;{}&#8220;][et_pb_column type=&#8220;4_4&#8243; _builder_version=&#8220;4.24.0&#8243; _module_preset=&#8220;default&#8220; global_colors_info=&#8220;{}&#8220;][et_pb_text disabled_on=&#8220;off|off|off&#8220; _builder_version=&#8220;4.27.0&#8243; _module_preset=&#8220;default&#8220; header_text_align=&#8220;center&#8220; global_colors_info=&#8220;{}&#8220;]<\/p>\n<h1>OUTDOOR ATHLETEN<br \/>\n<span>Widerrufsbelehrung<\/span><\/h1>\n<p>[\/et_pb_text][et_pb_image src=&#8220;https:\/\/www.outdoorathleten.de\/wp-content\/uploads\/oa-linie.png&#8220; title_text=&#8220;oa-linie&#8220; align=&#8220;center&#8220; _builder_version=&#8220;4.24.0&#8243; _module_preset=&#8220;default&#8220; animation_style=&#8220;slide&#8220; animation_direction=&#8220;left&#8220; global_colors_info=&#8220;{}&#8220;][\/et_pb_image][\/et_pb_column][\/et_pb_row][\/et_pb_section][et_pb_section fb_built=&#8220;1&#8243; admin_label=&#8220;Section&#8220; module_id=&#8220;info&#8220; _builder_version=&#8220;4.24.0&#8243; _module_preset=&#8220;default&#8220; custom_padding=&#8220;6vh||6vh||true|false&#8220; da_popup_slug=&#8220;info&#8220; da_disable_devices=&#8220;off|off|off&#8220; global_colors_info=&#8220;{}&#8220; da_is_popup=&#8220;off&#8220; da_exit_intent=&#8220;off&#8220; da_has_close=&#8220;on&#8220; da_alt_close=&#8220;off&#8220; da_dark_close=&#8220;off&#8220; da_not_modal=&#8220;on&#8220; da_is_singular=&#8220;off&#8220; da_with_loader=&#8220;off&#8220; da_has_shadow=&#8220;on&#8220;][et_pb_row _builder_version=&#8220;4.27.0&#8243; _module_preset=&#8220;default&#8220; global_colors_info=&#8220;{}&#8220;][et_pb_column type=&#8220;4_4&#8243; _builder_version=&#8220;4.27.0&#8243; _module_preset=&#8220;default&#8220; global_colors_info=&#8220;{}&#8220;][et_pb_text _builder_version=&#8220;4.27.6&#8243; _module_preset=&#8220;default&#8220; hover_enabled=&#8220;0&#8243; global_colors_info=&#8220;{}&#8220; sticky_enabled=&#8220;0&#8243;]<\/p>\n<p><span>Sie haben das Recht, binnen vierzehn Tagen ohne Angabe von Gr\u00fcnden diesen Vertrag zu widerrufen.<\/span><br \/><span>Die Widerrufsfrist betr\u00e4gt vierzehn Tage ab dem Tag des Vertragsschlusses.<\/span><br \/><span>Um Ihr Widerrufsrecht auszu\u00fcben m\u00fcssen Sie uns (Wohnhas &#038; Beckmann GbR -OutdoorAthleten, Schr\u00f6derstrasse 31, 69120 Heidelberg, info@outdoorathleten.de) mittels einer eindeutigen Erkl\u00e4rung (z.B. ein mit der Post versandter Brief, oder E-Mail) \u00fcber Ihren Entschluss, diesen Vertrag zu widerrufen, informieren. Sie k\u00f6nnen daf\u00fcr das beigef\u00fcgte Muster-Widerrufsformular verwenden, das jedoch nicht vorgeschrieben ist.<\/span><br \/><span>Zur Wahrung der Widerrufsfrist reicht es aus, dass Sie die Mitteilung \u00fcber die Aus\u00fcbung des Widerrufsrechts vor Ablauf der Widerrufsfrist absenden.<\/span><br \/><span>Folgen des Widerrufs<\/span><br \/><span>Wenn Sie diesen Vertrag widerrufen, haben wir Ihnen alle Zahlungen, die wir von Ihnen erhalten haben, einschlie\u00dflich der Lieferkosten (mit Ausnahme der zus\u00e4tzlichen Kosten, die sich daraus ergeben, dass Sie eine andere Art der Lieferung als die von uns angebotene, g\u00fcnstigste Standardlieferung gew\u00e4hlt haben), unverz\u00fcglich und sp\u00e4testens binnen vierzehn Tagen ab dem Tag zur\u00fcckzuzahlen, an dem die Mitteilung \u00fcber Ihren Widerruf dieses Vertrags bei uns eingegangen ist. F\u00fcr diese R\u00fcckzahlung verwenden wir dasselbe Zahlungsmittel, das Sie bei der urspr\u00fcnglichen Transaktion eingesetzt haben, es sei denn, mit Ihnen wurde ausdr\u00fccklich etwas anderes vereinbart; in keinem Fall werden Ihnen wegen dieser R\u00fcckzahlung Entgelte berechnet.<\/span><br \/><span>Haben Sie verlangt, dass die Dienstleistung w\u00e4hrend der Widerrufsfrist beginnen soll, so haben Sie uns einen angemessenen Beitrag zu zahlen, der dem Anteil der bis zu dem Zeitpunkt, zu dem Sie uns von der Aus\u00fcbung des Widerrufsrechts hinsichtlich dieses Vertrages unterrichten, bereits erbrachten Dienstleistungen im Vergleich zum Gesamtumfang der im Vertrag vorgesehen Dienstleistungen entspricht.<\/span><\/p>\n<p>[\/et_pb_text][\/et_pb_column][\/et_pb_row][et_pb_row _builder_version=&#8220;4.27.0&#8243; _module_preset=&#8220;default&#8220; global_colors_info=&#8220;{}&#8220;][et_pb_column type=&#8220;4_4&#8243; _builder_version=&#8220;4.27.0&#8243; _module_preset=&#8220;default&#8220; global_colors_info=&#8220;{}&#8220;][et_pb_button button_text=&#8220;Formular Drucken&#8220; button_alignment=&#8220;center&#8220; _builder_version=&#8220;4.27.0&#8243; _module_preset=&#8220;default&#8220; background_layout=&#8220;dark&#8220; global_colors_info=&#8220;{}&#8220;][\/et_pb_button][\/et_pb_column][\/et_pb_row][et_pb_row _builder_version=&#8220;4.27.0&#8243; _module_preset=&#8220;default&#8220; global_colors_info=&#8220;{}&#8220;][et_pb_column type=&#8220;4_4&#8243; _builder_version=&#8220;4.27.0&#8243; _module_preset=&#8220;default&#8220; global_colors_info=&#8220;{}&#8220;][et_pb_text _builder_version=&#8220;4.27.6&#8243; _module_preset=&#8220;default&#8220; hover_enabled=&#8220;0&#8243; global_colors_info=&#8220;{}&#8220; sticky_enabled=&#8220;0&#8243;]<\/p>\n<p>Ort, Datum:______________________Vertragspartner\/Mitglied:_______________________________<\/p>\n<p>Muster-Widerrufsformular<br \/>(Wenn Sie den Vertrag widerrufen wollen, dann f\u00fcllen Sie bitte dieses Formular aus und senden Sie es zur\u00fcck.)<\/p>\n<p>An: Wohnhas &#038; Beckmann GbR -OutdoorAthleten, Schr\u00f6derstrasse 31, 69120 Heidelberg, info@outdoorathleten.de<\/p>\n<p>Hiermit widerrufe ich den von mir abgeschlossenen Vertrag \u00fcber die Erbringung der folgenden Dienstleistung<\/p>\n<p>Bestellt am<\/p>\n<p>Name des Verbrauchers<\/p>\n<p>Anschrift des Verbrauchers<\/p>\n<p>Unterschrift des Verbrauchers (nur bei Mitteilung auf Papier)<\/p>\n<p>Datum<\/p>\n<p>[\/et_pb_text][\/et_pb_column][\/et_pb_row][\/et_pb_section]<\/p>\n","protected":false},"excerpt":{"rendered":"<p>OUTDOOR ATHLETEN WiderrufsbelehrungSie haben das Recht, binnen vierzehn Tagen ohne Angabe von Gr\u00fcnden diesen Vertrag zu widerrufen.Die Widerrufsfrist betr\u00e4gt vierzehn Tage ab dem Tag des Vertragsschlusses.Um Ihr Widerrufsrecht auszu\u00fcben m\u00fcssen Sie uns (Wohnhas &#038; Beckmann GbR -OutdoorAthleten, Schr\u00f6derstrasse 31, 69120 Heidelberg, info@outdoorathleten.de) mittels einer eindeutigen Erkl\u00e4rung (z.B. ein mit der Post versandter Brief, oder E-Mail) [&hellip;]<\/p>\n","protected":false},"author":5,"featured_media":0,"parent":0,"menu_order":0,"comment_status":"closed","ping_status":"closed","template":"","meta":{"_et_pb_use_builder":"on","_et_pb_old_content":"","_et_gb_content_width":"","footnotes":""},"difl_page_category":[],"class_list":["post-30122","page","type-page","status-publish","hentry"],"yoast_head":"<!-- This site is optimized with the Yoast SEO plugin v27.4 - https:\/\/yoast.com\/product\/yoast-seo-wordpress\/ -->\n<title>Bootcamp Widerrufsbelehrung - Outdoor Fitnessstudio &amp; Personal Training<\/title>\n<meta name=\"description\" content=\"Fitness Bootcamp Widerrufsbelehrung mit Personal Trainer &amp; Ern\u00e4hrungsplan in Widerrufsbelehrung. Dein Outdoor Training Programm - Die Alternative zum Gym \/ Fitnessstudio.\" \/>\n<meta name=\"robots\" content=\"index, follow, max-snippet:-1, max-image-preview:large, max-video-preview:-1\" \/>\n<link rel=\"canonical\" href=\"https:\/\/www.outdoorathleten.de\/en\/widerrufsbelehrung\/\" \/>\n<meta property=\"og:locale\" content=\"en_US\" \/>\n<meta property=\"og:type\" content=\"article\" \/>\n<meta property=\"og:title\" content=\"Bootcamp Widerrufsbelehrung - Outdoor Fitnessstudio &amp; Personal Training\" \/>\n<meta property=\"og:description\" content=\"Fitness Bootcamp Widerrufsbelehrung mit Personal Trainer &amp; Ern\u00e4hrungsplan in Widerrufsbelehrung. Dein Outdoor Training Programm - Die Alternative zum Gym \/ Fitnessstudio.\" \/>\n<meta property=\"og:url\" content=\"https:\/\/www.outdoorathleten.de\/en\/widerrufsbelehrung\/\" \/>\n<meta property=\"og:site_name\" content=\"Outdoor Athleten\" \/>\n<meta property=\"article:modified_time\" content=\"2026-04-22T06:55:15+00:00\" \/>\n<meta name=\"twitter:card\" content=\"summary_large_image\" \/>\n<meta name=\"twitter:label1\" content=\"Est. reading time\" \/>\n\t<meta name=\"twitter:data1\" content=\"2 minutes\" \/>\n<script type=\"application\/ld+json\" class=\"yoast-schema-graph\">{\"@context\":\"https:\\\/\\\/schema.org\",\"@graph\":[{\"@type\":\"WebPage\",\"@id\":\"https:\\\/\\\/www.outdoorathleten.de\\\/widerrufsbelehrung\\\/\",\"url\":\"https:\\\/\\\/www.outdoorathleten.de\\\/widerrufsbelehrung\\\/\",\"name\":\"Bootcamp Widerrufsbelehrung - Outdoor Fitnessstudio & Personal Training\",\"isPartOf\":{\"@id\":\"https:\\\/\\\/www.outdoorathleten.de\\\/#website\"},\"datePublished\":\"2024-09-12T10:36:06+00:00\",\"dateModified\":\"2026-04-22T06:55:15+00:00\",\"description\":\"Fitness Bootcamp Widerrufsbelehrung mit Personal Trainer & Ern\u00e4hrungsplan in Widerrufsbelehrung. Dein Outdoor Training Programm - Die Alternative zum Gym \\\/ Fitnessstudio.\",\"inLanguage\":\"en-US\",\"potentialAction\":[{\"@type\":\"ReadAction\",\"target\":[\"https:\\\/\\\/www.outdoorathleten.de\\\/widerrufsbelehrung\\\/\"]}]},{\"@type\":\"WebSite\",\"@id\":\"https:\\\/\\\/www.outdoorathleten.de\\\/#website\",\"url\":\"https:\\\/\\\/www.outdoorathleten.de\\\/\",\"name\":\"Outdoor Athleten\",\"description\":\"\",\"potentialAction\":[{\"@type\":\"SearchAction\",\"target\":{\"@type\":\"EntryPoint\",\"urlTemplate\":\"https:\\\/\\\/www.outdoorathleten.de\\\/?s={search_term_string}\"},\"query-input\":{\"@type\":\"PropertyValueSpecification\",\"valueRequired\":true,\"valueName\":\"search_term_string\"}}],\"inLanguage\":\"en-US\"}]}<\/script>\n<!-- \/ Yoast SEO plugin. -->","yoast_head_json":{"title":"Bootcamp Widerrufsbelehrung - Outdoor Fitnessstudio & Personal Training","description":"Fitness Bootcamp Widerrufsbelehrung mit Personal Trainer & Ern\u00e4hrungsplan in Widerrufsbelehrung. Dein Outdoor Training Programm - Die Alternative zum Gym \/ Fitnessstudio.","robots":{"index":"index","follow":"follow","max-snippet":"max-snippet:-1","max-image-preview":"max-image-preview:large","max-video-preview":"max-video-preview:-1"},"canonical":"https:\/\/www.outdoorathleten.de\/en\/widerrufsbelehrung\/","og_locale":"en_US","og_type":"article","og_title":"Bootcamp Widerrufsbelehrung - Outdoor Fitnessstudio & Personal Training","og_description":"Fitness Bootcamp Widerrufsbelehrung mit Personal Trainer & Ern\u00e4hrungsplan in Widerrufsbelehrung. Dein Outdoor Training Programm - Die Alternative zum Gym \/ Fitnessstudio.","og_url":"https:\/\/www.outdoorathleten.de\/en\/widerrufsbelehrung\/","og_site_name":"Outdoor Athleten","article_modified_time":"2026-04-22T06:55:15+00:00","twitter_card":"summary_large_image","twitter_misc":{"Est. reading time":"2 minutes"},"schema":{"@context":"https:\/\/schema.org","@graph":[{"@type":"WebPage","@id":"https:\/\/www.outdoorathleten.de\/widerrufsbelehrung\/","url":"https:\/\/www.outdoorathleten.de\/widerrufsbelehrung\/","name":"Bootcamp Widerrufsbelehrung - Outdoor Fitnessstudio & Personal Training","isPartOf":{"@id":"https:\/\/www.outdoorathleten.de\/#website"},"datePublished":"2024-09-12T10:36:06+00:00","dateModified":"2026-04-22T06:55:15+00:00","description":"Fitness Bootcamp Widerrufsbelehrung mit Personal Trainer & Ern\u00e4hrungsplan in Widerrufsbelehrung. Dein Outdoor Training Programm - Die Alternative zum Gym \/ Fitnessstudio.","inLanguage":"en-US","potentialAction":[{"@type":"ReadAction","target":["https:\/\/www.outdoorathleten.de\/widerrufsbelehrung\/"]}]},{"@type":"WebSite","@id":"https:\/\/www.outdoorathleten.de\/#website","url":"https:\/\/www.outdoorathleten.de\/","name":"Outdoor Athleten","description":"","potentialAction":[{"@type":"SearchAction","target":{"@type":"EntryPoint","urlTemplate":"https:\/\/www.outdoorathleten.de\/?s={search_term_string}"},"query-input":{"@type":"PropertyValueSpecification","valueRequired":true,"valueName":"search_term_string"}}],"inLanguage":"en-US"}]}},"_links":{"self":[{"href":"https:\/\/www.outdoorathleten.de\/en\/wp-json\/wp\/v2\/pages\/30122","targetHints":{"allow":["GET"]}}],"collection":[{"href":"https:\/\/www.outdoorathleten.de\/en\/wp-json\/wp\/v2\/pages"}],"about":[{"href":"https:\/\/www.outdoorathleten.de\/en\/wp-json\/wp\/v2\/types\/page"}],"author":[{"embeddable":true,"href":"https:\/\/www.outdoorathleten.de\/en\/wp-json\/wp\/v2\/users\/5"}],"replies":[{"embeddable":true,"href":"https:\/\/www.outdoorathleten.de\/en\/wp-json\/wp\/v2\/comments?post=30122"}],"version-history":[{"count":7,"href":"https:\/\/www.outdoorathleten.de\/en\/wp-json\/wp\/v2\/pages\/30122\/revisions"}],"predecessor-version":[{"id":30642,"href":"https:\/\/www.outdoorathleten.de\/en\/wp-json\/wp\/v2\/pages\/30122\/revisions\/30642"}],"wp:attachment":[{"href":"https:\/\/www.outdoorathleten.de\/en\/wp-json\/wp\/v2\/media?parent=30122"}],"wp:term":[{"taxonomy":"difl_page_category","embeddable":true,"href":"https:\/\/www.outdoorathleten.de\/en\/wp-json\/wp\/v2\/difl_page_category?post=30122"}],"curies":[{"name":"wp","href":"https:\/\/api.w.org\/{rel}","templated":true}]}}