{"id":30115,"date":"2024-09-12T12:33:46","date_gmt":"2024-09-12T10:33:46","guid":{"rendered":"https:\/\/www.outdoorathleten.de\/?page_id=30115"},"modified":"2024-10-22T11:00:49","modified_gmt":"2024-10-22T09:00:49","slug":"agb","status":"publish","type":"page","link":"https:\/\/www.outdoorathleten.de\/en\/agb\/","title":{"rendered":"AGB"},"content":{"rendered":"<p>[et_pb_section fb_built=&#8220;1&#8243; admin_label=&#8220;Section&#8220; module_class=&#8220;hero&#8220; _builder_version=&#8220;4.27.0&#8243; _module_preset=&#8220;default&#8220; background_enable_image=&#8220;off&#8220; background_size=&#8220;contain&#8220; custom_padding=&#8220;10vh||4px||false|false&#8220; da_disable_devices=&#8220;off|off|off&#8220; global_colors_info=&#8220;{}&#8220; da_is_popup=&#8220;off&#8220; da_exit_intent=&#8220;off&#8220; da_has_close=&#8220;on&#8220; da_alt_close=&#8220;off&#8220; da_dark_close=&#8220;off&#8220; da_not_modal=&#8220;on&#8220; da_is_singular=&#8220;off&#8220; da_with_loader=&#8220;off&#8220; da_has_shadow=&#8220;on&#8220;][et_pb_row _builder_version=&#8220;4.24.0&#8243; _module_preset=&#8220;default&#8220; width=&#8220;100%&#8220; global_colors_info=&#8220;{}&#8220;][et_pb_column type=&#8220;4_4&#8243; _builder_version=&#8220;4.24.0&#8243; _module_preset=&#8220;default&#8220; global_colors_info=&#8220;{}&#8220;][et_pb_text disabled_on=&#8220;off|off|off&#8220; _builder_version=&#8220;4.27.0&#8243; _module_preset=&#8220;default&#8220; header_text_align=&#8220;center&#8220; global_colors_info=&#8220;{}&#8220;]<\/p>\n<h1>OUTDOOR ATHLETEN<br \/>\n<span>AGB<\/span><\/h1>\n<p>[\/et_pb_text][et_pb_image src=&#8220;https:\/\/www.outdoorathleten.de\/wp-content\/uploads\/oa-linie.png&#8220; title_text=&#8220;oa-linie&#8220; align=&#8220;center&#8220; _builder_version=&#8220;4.24.0&#8243; _module_preset=&#8220;default&#8220; animation_style=&#8220;slide&#8220; animation_direction=&#8220;left&#8220; global_colors_info=&#8220;{}&#8220;][\/et_pb_image][\/et_pb_column][\/et_pb_row][\/et_pb_section][et_pb_section fb_built=&#8220;1&#8243; admin_label=&#8220;Section&#8220; module_id=&#8220;info&#8220; _builder_version=&#8220;4.24.0&#8243; _module_preset=&#8220;default&#8220; custom_padding=&#8220;6vh||6vh||true|false&#8220; da_popup_slug=&#8220;info&#8220; da_disable_devices=&#8220;off|off|off&#8220; global_colors_info=&#8220;{}&#8220; da_is_popup=&#8220;off&#8220; da_exit_intent=&#8220;off&#8220; da_has_close=&#8220;on&#8220; da_alt_close=&#8220;off&#8220; da_dark_close=&#8220;off&#8220; da_not_modal=&#8220;on&#8220; da_is_singular=&#8220;off&#8220; da_with_loader=&#8220;off&#8220; da_has_shadow=&#8220;on&#8220;][et_pb_row _builder_version=&#8220;4.27.0&#8243; _module_preset=&#8220;default&#8220; global_colors_info=&#8220;{}&#8220;][et_pb_column type=&#8220;4_4&#8243; _builder_version=&#8220;4.27.0&#8243; _module_preset=&#8220;default&#8220; global_colors_info=&#8220;{}&#8220;][et_pb_text _builder_version=&#8220;4.27.0&#8243; _module_preset=&#8220;default&#8220; global_colors_info=&#8220;{}&#8220;]<\/p>\n<p>OutdoorAthleten,<span>\u00a0<\/span><span>Tobias Wohnhas &amp; Alexander Beckmann GbR<\/span>,<span>\u00a0<\/span><span>Schr\u00f6derstra\u00dfe, 31<\/span><br \/><span>69120 Heidelberg\u00a0<\/span>Allgemeine Gesch\u00e4ftsbedingungen<\/p>\n<p>1. Anwendungsbereich<br \/>Folgende Allgemeinen Gesch\u00e4ftsbedingungen (AGB) gelten bei allen von<span>\u00a0<\/span><span>Tobias Wohnhas &amp; Alexander Beckmann GbR<\/span><span>\u00a0<\/span>(OutdoorAthleten) angebotenen Leistungen, welche n\u00e4her durch den mit dem Mitglied geschlossenen Vertrag bestimmt werden. Die AGB werden Bestandteil dieses Vertrages.<\/p>\n<p>2. Nutzungsvereinbarung und Anmeldung zu den einzelnen Trainingseinheiten<br \/>Jedes Mitglied ist nach Zahlungseingang berechtigt, an den gebuchten Fitnesskursen von OutdoorAthleten teilzunehmen. Ebenso inbegriffen ist, f\u00fcr die Dauer der Trainingseinheit, die Nutzung aller Ger\u00e4te, die w\u00e4hrend des einzelnen Trainings zur Verf\u00fcgung gestellt werden. Mit der Teilnahme an einer gebuchten Trainingseinheit verf\u00e4llt jeweils eine Einheit des Trainingsguthabens. Ebenso verf\u00e4llt eine Einheit aber auch dann, wenn das Mitglied zur gebuchten Einheit ohne Abmeldung nicht erscheint. Die Trainingszeiten und \u2013orte werden auf https:\/\/www.outdoorathleten.de aktuell bekannt gegeben. Alle Zeiten und Kurse orientieren sich an der aktuellen Nachfrage. Es besteht seitens des Mitglieds kein Anspruch auf bestimmte Kurszeiten oder -locations.<\/p>\n<p>Wie viele Trainingseinheiten pro Woche gebucht werden ko\u0308nnen, bestimmt sich nach dem jeweiligen mit dem Mitglied geschlossenen Vertrag. Mit der Teilnahme an einer gebuchten Trainingseinheit verfa\u0308llt jeweils eine Einheit des Trainingsguthabens. Ebenso verfa\u0308llt eine Einheit aber auch dann, wenn das Mitglied zur gebuchten Einheit ohne Abmeldung nicht erscheint, oder die Abmeldung nicht rechtzeitig erfolgt (bis 12. Std. vor Morgenkursen und 2 Std. vor Abendkursen). Die dem Mitglied pro Woche zustehenden Einheiten verfallen, wenn sie nicht in der Woche aufgebraucht werden.<\/p>\n<p>3. Kursgeb\u00fchr<br \/>Die Kursgeb\u00fchr ist f\u00fcr den mit dem Mitglied vertraglich vereinbarten Zeitraum g\u00fcltig und berechtigt zur Teilnahme an einer vertraglich festgelegten Anzahl von Trainingseinheiten. Bei Buchung einer 12er Karte bucht das Mitglied 12 aufeinanderfolgende Termine. Nicht aufgebrauchte Einheiten verfallen. Der Mitgliedsbeitrag ist bis sp\u00e4testens einen Tag vor Beginn des jeweils zu zahlenden Zeitraums zu entrichten. Die Zahlung erfolgt durch Einzug des jeweiligen Betrags durch OutdoorAthleten. Dazu erteilt das Mitglied der<span>\u00a0<\/span><span>Tobias Wohnhas &amp; Alexander Beckmann GbR<\/span><span>\u00a0<\/span>bis auf Widerruf die Berechtigung, den Beitrag per Lastschrift vom Bankkonto des Mitglieds einzuziehen. Entstehen Kosten durch R\u00fccklastschriften, die das Mitglied zu vertreten hat, ist das Mitglied verpflichtet diese Kosten OutdoorAthleten zu erstatten. Alternativ kann im Online Shop eine Kurskarte erworben und bezahlt werden.<\/p>\n<p>4. Laufzeit<br \/>Die Laufzeit der Mitgliedschaft betra\u0308gt nach dem jeweiligen Vertrag 6 bzw. 12 Monate (26\/ 52 Wochen). Die Mitgliedschaft ist sowohl vom Mitglied, als auch von OutdoorAthleten mit einer Frist von 4 Wochen zum Ende der geschlossenen Erstlaufzeit ku\u0308ndbar. Die Ku\u0308ndigung hat gegenu\u0308ber OutdoorAthleten,<span>\u00a0<\/span><span>Alexander Beckmann &amp; Tobias Wohnhas GbR<\/span>,<span>\u00a0<\/span><span>Schr\u00f6derstra\u00dfe, 31<\/span><br \/><span>69120 Heidelberg<\/span><span>\u00a0<\/span>schriftlich per Brief oder per Email an info@outdoorathleten.de zu erfolgen. Sollte der Vertrag nicht fristgema\u0308\u00dfe geku\u0308ndigt werden, verla\u0308ngert er sich jeweils um die mit dem Mitglied vertraglich vereinbarte Erstlaufzeit. Die Ku\u0308ndigungsfrist betra\u0308gt dann erneut fu\u0308r beide Seiten 4 Wochen zum jeweiligen Vertragsende.<\/p>\n<p>5. Au\u00dferordentliche Ku\u0308ndigung<br \/>Unabha\u0308ngig von der vertraglich vereinbarten Laufzeit besteht fu\u0308r beide Seiten das Recht zur au\u00dferordentlichen Ku\u0308ndigung aus wichtigem Grund.<br \/>Ein solcher liegt unter anderem vor, wenn das Mitglied umzieht und der neue Wohnort mehr als 30 km vom na\u0308chstgelegenen OutdoorAthleten Trainingsstandort entfernt ist. In diesem Fall ist das Mitglied zur Ku\u0308ndigung zum Monatsende gegen Vorlage der Anmeldebesta\u0308tigung der neuen Stadt berechtigt.<br \/>Weiterhin ist das Mitglied zur Ku\u0308ndigung zum Monatsende hin berechtigt, wenn eine Krankheit vorliegt, die die Inanspruchnahme der Leistungen von OutdoorAthleten unmo\u0308glich macht und die Krankheit auf nicht absehbare Zeit vorliegt, mindestens jedoch 3 Monate. Dies ist gegenu\u0308ber OutdoorAthleten durch Vorlage eine a\u0308rztlichen Attests nachzuweisen. Davon unbeeintra\u0308chtigt bleibt die Regelung zur Stilllegung des Vertrags im Krankheitsfall.<\/p>\n<p>6. Stilllegung\/Urlaubszeit<br \/>Der Vertrag kann einmalig pro Jahr ohne Angabe von Gru\u0308nden fu\u0308r einen Zeitraum von mindestens zwei bis zu vier aufeinander folgenden Wochen stillgelegt werden. Dies muss schriftlich per Brief, oder durch Email mindestens 7 Tage vor der geplanten Stilllegung mitgeteilt werden. Die Laufzeit des Vertrages erho\u0308ht sich dann um die Anzahl der stillgelegten Wochen, ohne dass diese zusa\u0308tzliche Beitragskosten verursachen. Die in der stillgelegten Zeit nicht genutzten Einheiten behalten ihre Gu\u0308ltigkeit.<br \/>Bei Verhinderung des Mitglieds in Folge von Krankheit, Schwangerschaft oder Wehrdienst kann der Vertrag gegen Vorlage einer entsprechenden a\u0308rztlichen bzw. beho\u0308rdlichen Bescheinigung fu\u0308r die Dauer der Verhinderung stillgelegt werden, auch in diesem Fall verla\u0308ngert sich die Vertragslaufzeit entsprechend und die nicht genutzten Trainingseinheiten behalten ihre Gu\u0308ltigkeit.<\/p>\n<p>7. \u00dcbertragung der Mitgliedschaft<br \/>Eine \u00dcbertragung der Mitgliedschaft im OutdoorAthleten erfolgt ausschlie\u00dflich nach R\u00fccksprache und anschlie\u00dfender Zustimmung von OutdoorAthleten. M\u00f6glich ist die \u00dcbertragung jedoch nur an Personen, die noch nicht Mitglied bei OutdoorAthleten waren. F\u00fcr die Bearbeitung der \u00dcbertragung berechnet OutdoorAthleten einen einmaligen Verwaltungsaufwand in H\u00f6he von 50,00\u20ac.<\/p>\n<p>8. Gesundheit des Mitglieds<br \/>OutdoorAthleten empfiehlt allen Mitgliedern ihre Sporttauglichkeit durch einen Arzt ihrer Wahl \u00fcberpr\u00fcfen und best\u00e4tigen zu lassen. F\u00fcr Personen mit Erkrankungen des Herzkreislaufsystems oder mit Sch\u00e4den oder Verletzungen an der Wirbels\u00e4ule oder anderen orthop\u00e4dischen Erkrankungen\/Verletzungen wird das Trainingskonzept ausdr\u00fccklich nicht empfohlen. Das Mitglied best\u00e4tigt mit Abschluss des Vertrages, dass die Teilnahme an den jeweiligen Trainingseinheiten allein auf eigene Verantwortung hin erfolgt.<\/p>\n<p>9. Haftung<br \/>OutdoorAthleten haftet nicht f\u00fcr leicht fahrl\u00e4ssig verursachte Sch\u00e4den, die dem Mitglied w\u00e4hrend des Trainings oder durch die Nutzung der zur Verf\u00fcgung gestellten Trainingsger\u00e4te, sowie durch die Inanspruchnahme der Dienstleistungen entstehen. Davon ausgenommen ist eine Haftung f\u00fcr Sch\u00e4den aus der Verletzung des Lebens, des K\u00f6rpers oder der Gesundheit, die auf eine fahrl\u00e4ssige Pflichtverletzung von OutdoorAthleten, deren gesetzlichen Vertretern oder Erf\u00fcllungsgehilfen geschehen. F\u00fcr von Mitgliedern mitgebrachte Gegenst\u00e4nde (Bekleidung, Wertgegenst\u00e4nde, Transportmittel etc.) \u00fcbernimmt OutdoorAthleten keine Haftung.<\/p>\n<p>10. Datenschutz<br \/>OutdoorAthleten speichert personenbezogene Daten des Mitglieds. Diese werden dazu verwendet, die Dienstleistungen f\u00fcr unsere Kunden zu optimieren, dazu erkl\u00e4rt sich das Mitglied damit einverstanden, dass OutdoorAthleten die erhobenen Daten nutzt, um mit dem Mitglied Kontakt aufzunehmen. Als Mitglied sind sie damit einverstanden s\u00e4mtliche \u00c4nderungen (Adress\u00e4nderung, Bankdaten etc.) gegen\u00fcber OutdoorAthleten unverz\u00fcglich anzuzeigen. OutdoorAthleten ist nicht berechtigt Daten an Dritte weiterzugeben und wird dies auch nie tun.<\/p>\n<p>11. Bildnutzungsrechte<br \/>Im Rahmen der Presse- und \u00d6ffentlichkeitsarbeit von OutdoorAthleten gemachte Fotos und Videos werden auf den Seiten https:\/\/www.outdoorathleten.de und auf Social Media Plattformen wie Youtube und Facebook eingesetzt. Das Mitglied erkl\u00e4rt sich grunds\u00e4tzlich bis auf Widerruf damit einverstanden, dass Bilder mit seiner Abbildung ver\u00f6ffentlicht werden k\u00f6nnen. OutdoorAthleten wird ein zeitlich und inhaltlich unbeschr\u00e4nktes, kostenfreies Nutzungsrecht an den Bildern und Videos im Rahmen der Presse- und \u00d6ffentlichkeitsarbeit einger\u00e4umt.<\/p>\n<p>12. Kontakt, Aktualit\u00e4t, Newsletter<br \/>OutdoorAthleten nutzt die Internetseite https:\/\/www.outdoorathleten.de, sowie den Newsletter zum Informationsaustausch mit dem Mitglied \u00fcber die in diesem Vertrag angegebene Emailadresse und Telefonnummer, um aktuelle \u00c4nderungen, neue Kurszeiten, sowie grunds\u00e4tzliche \u00c4nderungen und Neuerungen zu kommunizieren.<\/p>\n<p>13. Widerrufsbelehrung<br \/>Sie haben das Recht, binnen vierzehn Tagen ohne Angabe von Gr\u00fcnden diesen Vertrag zu widerrufen. Die Widerrufsfrist betr\u00e4gt vierzehn Tage ab dem Tag des Vertragsschlusses. Um Ihr Widerrufsrecht auszu\u00fcben m\u00fcssen Sie uns (OutdoorAthleten,<span>\u00a0<\/span><span>Tobias Wohnhas &amp; Alexander Beckmann GbR<\/span>,<span>\u00a0<\/span><span>Schr\u00f6derstra\u00dfe, 31,\u00a0<\/span><span>69120 Heidelberg<\/span>) mittels einer eindeutigen Erkl\u00e4rung (z.B. ein mit der Post versandter Brief, oder E-Mail) \u00fcber Ihren Entschluss, diesen Vertrag zu widerrufen, informieren. Sie k\u00f6nnen daf\u00fcr das beigef\u00fcgte Muster-Widerrufsformular verwenden, das jedoch nicht vorgeschrieben ist. Zur Wahrung der Widerrufsfrist reicht es aus, dass Sie die Mitteilung \u00fcber die Aus\u00fcbung des Widerrufsrechts vor Ablauf der Widerrufsfrist absenden. Folgen des Widerrufs Wenn Sie diesen Vertrag widerrufen, haben wir Ihnen alle Zahlungen, die wir von Ihnen erhalten haben, einschlie\u00dflich der Lieferkosten (mit Ausnahme der zus\u00e4tzlichen Kosten, die sich daraus ergeben, dass Sie eine andere Art der Lieferung als die von uns angebotene, g\u00fcnstigste Standardlieferung gew\u00e4hlt haben), unverz\u00fcglich und sp\u00e4testens binnen vierzehn Tagen ab dem Tag zur\u00fcckzuzahlen, an dem die Mitteilung \u00fcber Ihren Widerruf dieses Vertrags bei uns eingegangen ist. F\u00fcr diese R\u00fcckzahlung verwenden wir dasselbe Zahlungsmittel, das Sie bei der urspr\u00fcnglichen Transaktion eingesetzt haben, es sei denn, mit Ihnen wurde ausdr\u00fccklich etwas anderes vereinbart; in keinem Fall werden Ihnen wegen dieser R\u00fcckzahlung Entgelte berechnet. Haben Sie verlangt, dass die Dienstleistung w\u00e4hrend der Widerrufsfrist beginnen soll, so haben Sie uns einen angemessenen Beitrag zu zahlen, der dem Anteil der bis zu dem Zeitpunkt, zu dem Sie uns von der Aus\u00fcbung des Widerrufsrechts hinsichtlich dieses Vertrages unterrichten, bereits erbrachten Dienstleistungen im Vergleich zum Gesamtumfang der im Vertrag vorgesehen Dienstleistungen entspricht.<\/p>\n<p>Muster-Widerrufsformular<br \/>(Wenn Sie den Vertrag widerrufen wollen, dann f\u00fcllen Sie bitte dieses Formular aus und senden Sie es zur\u00fcck.)<br \/>An:<\/p>\n<p>OutdoorAthleten<\/p>\n<p><span>Tobias Wohnhas &amp; Alexander Beckmann GbR<\/span><\/p>\n<p><span>Schr\u00f6derstra\u00dfe, 31<\/span><br \/><span>69120 Heidelberg<\/span><br \/>E-Mail: info@outdoorathleten.de<br \/>Hiermit widerrufe ich den von mir abgeschlossenen Vertrag \u00fcber die Erbringung der folgenden Dienstleistung<\/p>\n<p>Bestellt am<\/p>\n<p>Name des Verbrauchers<\/p>\n<p>Anschrift des Verbrauchers<\/p>\n<p>Unterschrift des Verbrauchers (nur bei Mitteilung auf Papier)<\/p>\n<p>Datum<\/p>\n<p>[\/et_pb_text][\/et_pb_column][\/et_pb_row][\/et_pb_section]<\/p>\n","protected":false},"excerpt":{"rendered":"<p>OUTDOOR ATHLETEN AGBOutdoorAthleten,\u00a0Tobias Wohnhas &amp; Alexander Beckmann GbR,\u00a0Schr\u00f6derstra\u00dfe, 3169120 Heidelberg\u00a0Allgemeine Gesch\u00e4ftsbedingungen 1. AnwendungsbereichFolgende Allgemeinen Gesch\u00e4ftsbedingungen (AGB) gelten bei allen von\u00a0Tobias Wohnhas &amp; Alexander Beckmann GbR\u00a0(OutdoorAthleten) angebotenen Leistungen, welche n\u00e4her durch den mit dem Mitglied geschlossenen Vertrag bestimmt werden. Die AGB werden Bestandteil dieses Vertrages. 2. Nutzungsvereinbarung und Anmeldung zu den einzelnen TrainingseinheitenJedes Mitglied ist nach [&hellip;]<\/p>\n","protected":false},"author":5,"featured_media":0,"parent":0,"menu_order":0,"comment_status":"closed","ping_status":"closed","template":"","meta":{"_et_pb_use_builder":"on","_et_pb_old_content":"","_et_gb_content_width":"","footnotes":""},"difl_page_category":[],"class_list":["post-30115","page","type-page","status-publish","hentry"],"yoast_head":"<!-- This site is optimized with the Yoast SEO plugin v27.2 - https:\/\/yoast.com\/product\/yoast-seo-wordpress\/ -->\n<title>Bootcamp AGB - Outdoor Fitnessstudio &amp; Personal Training<\/title>\n<meta name=\"description\" content=\"Fitness Bootcamp AGB mit Personal Trainer &amp; Ern\u00e4hrungsplan in AGB. Dein Outdoor Training Programm - Die Alternative zum Gym \/ Fitnessstudio.\" \/>\n<meta name=\"robots\" content=\"index, follow, max-snippet:-1, max-image-preview:large, max-video-preview:-1\" \/>\n<link rel=\"canonical\" href=\"https:\/\/www.outdoorathleten.de\/en\/agb\/\" \/>\n<meta property=\"og:locale\" content=\"en_US\" \/>\n<meta property=\"og:type\" content=\"article\" \/>\n<meta property=\"og:title\" content=\"Bootcamp AGB - Outdoor Fitnessstudio &amp; Personal Training\" \/>\n<meta property=\"og:description\" content=\"Fitness Bootcamp AGB mit Personal Trainer &amp; Ern\u00e4hrungsplan in AGB. Dein Outdoor Training Programm - Die Alternative zum Gym \/ Fitnessstudio.\" \/>\n<meta property=\"og:url\" content=\"https:\/\/www.outdoorathleten.de\/en\/agb\/\" \/>\n<meta property=\"og:site_name\" content=\"Outdoor Athleten\" \/>\n<meta property=\"article:modified_time\" content=\"2024-10-22T09:00:49+00:00\" \/>\n<meta name=\"twitter:card\" content=\"summary_large_image\" \/>\n<meta name=\"twitter:label1\" content=\"Est. reading time\" \/>\n\t<meta name=\"twitter:data1\" content=\"8 minutes\" \/>\n<script type=\"application\/ld+json\" class=\"yoast-schema-graph\">{\"@context\":\"https:\/\/schema.org\",\"@graph\":[{\"@type\":\"WebPage\",\"@id\":\"https:\/\/www.outdoorathleten.de\/agb\/\",\"url\":\"https:\/\/www.outdoorathleten.de\/agb\/\",\"name\":\"Bootcamp AGB - Outdoor Fitnessstudio & Personal Training\",\"isPartOf\":{\"@id\":\"https:\/\/www.outdoorathleten.de\/#website\"},\"datePublished\":\"2024-09-12T10:33:46+00:00\",\"dateModified\":\"2024-10-22T09:00:49+00:00\",\"description\":\"Fitness Bootcamp AGB mit Personal Trainer & Ern\u00e4hrungsplan in AGB. Dein Outdoor Training Programm - Die Alternative zum Gym \/ Fitnessstudio.\",\"inLanguage\":\"en-US\",\"potentialAction\":[{\"@type\":\"ReadAction\",\"target\":[\"https:\/\/www.outdoorathleten.de\/agb\/\"]}]},{\"@type\":\"WebSite\",\"@id\":\"https:\/\/www.outdoorathleten.de\/#website\",\"url\":\"https:\/\/www.outdoorathleten.de\/\",\"name\":\"Outdoor Athleten\",\"description\":\"\",\"potentialAction\":[{\"@type\":\"SearchAction\",\"target\":{\"@type\":\"EntryPoint\",\"urlTemplate\":\"https:\/\/www.outdoorathleten.de\/?s={search_term_string}\"},\"query-input\":{\"@type\":\"PropertyValueSpecification\",\"valueRequired\":true,\"valueName\":\"search_term_string\"}}],\"inLanguage\":\"en-US\"}]}<\/script>\n<!-- \/ Yoast SEO plugin. -->","yoast_head_json":{"title":"Bootcamp AGB - Outdoor Fitnessstudio & Personal Training","description":"Fitness Bootcamp AGB mit Personal Trainer & Ern\u00e4hrungsplan in AGB. Dein Outdoor Training Programm - Die Alternative zum Gym \/ Fitnessstudio.","robots":{"index":"index","follow":"follow","max-snippet":"max-snippet:-1","max-image-preview":"max-image-preview:large","max-video-preview":"max-video-preview:-1"},"canonical":"https:\/\/www.outdoorathleten.de\/en\/agb\/","og_locale":"en_US","og_type":"article","og_title":"Bootcamp AGB - Outdoor Fitnessstudio & Personal Training","og_description":"Fitness Bootcamp AGB mit Personal Trainer & Ern\u00e4hrungsplan in AGB. Dein Outdoor Training Programm - Die Alternative zum Gym \/ Fitnessstudio.","og_url":"https:\/\/www.outdoorathleten.de\/en\/agb\/","og_site_name":"Outdoor Athleten","article_modified_time":"2024-10-22T09:00:49+00:00","twitter_card":"summary_large_image","twitter_misc":{"Est. reading time":"8 minutes"},"schema":{"@context":"https:\/\/schema.org","@graph":[{"@type":"WebPage","@id":"https:\/\/www.outdoorathleten.de\/agb\/","url":"https:\/\/www.outdoorathleten.de\/agb\/","name":"Bootcamp AGB - Outdoor Fitnessstudio & Personal Training","isPartOf":{"@id":"https:\/\/www.outdoorathleten.de\/#website"},"datePublished":"2024-09-12T10:33:46+00:00","dateModified":"2024-10-22T09:00:49+00:00","description":"Fitness Bootcamp AGB mit Personal Trainer & Ern\u00e4hrungsplan in AGB. Dein Outdoor Training Programm - Die Alternative zum Gym \/ Fitnessstudio.","inLanguage":"en-US","potentialAction":[{"@type":"ReadAction","target":["https:\/\/www.outdoorathleten.de\/agb\/"]}]},{"@type":"WebSite","@id":"https:\/\/www.outdoorathleten.de\/#website","url":"https:\/\/www.outdoorathleten.de\/","name":"Outdoor Athleten","description":"","potentialAction":[{"@type":"SearchAction","target":{"@type":"EntryPoint","urlTemplate":"https:\/\/www.outdoorathleten.de\/?s={search_term_string}"},"query-input":{"@type":"PropertyValueSpecification","valueRequired":true,"valueName":"search_term_string"}}],"inLanguage":"en-US"}]}},"_links":{"self":[{"href":"https:\/\/www.outdoorathleten.de\/en\/wp-json\/wp\/v2\/pages\/30115","targetHints":{"allow":["GET"]}}],"collection":[{"href":"https:\/\/www.outdoorathleten.de\/en\/wp-json\/wp\/v2\/pages"}],"about":[{"href":"https:\/\/www.outdoorathleten.de\/en\/wp-json\/wp\/v2\/types\/page"}],"author":[{"embeddable":true,"href":"https:\/\/www.outdoorathleten.de\/en\/wp-json\/wp\/v2\/users\/5"}],"replies":[{"embeddable":true,"href":"https:\/\/www.outdoorathleten.de\/en\/wp-json\/wp\/v2\/comments?post=30115"}],"version-history":[{"count":4,"href":"https:\/\/www.outdoorathleten.de\/en\/wp-json\/wp\/v2\/pages\/30115\/revisions"}],"predecessor-version":[{"id":30248,"href":"https:\/\/www.outdoorathleten.de\/en\/wp-json\/wp\/v2\/pages\/30115\/revisions\/30248"}],"wp:attachment":[{"href":"https:\/\/www.outdoorathleten.de\/en\/wp-json\/wp\/v2\/media?parent=30115"}],"wp:term":[{"taxonomy":"difl_page_category","embeddable":true,"href":"https:\/\/www.outdoorathleten.de\/en\/wp-json\/wp\/v2\/difl_page_category?post=30115"}],"curies":[{"name":"wp","href":"https:\/\/api.w.org\/{rel}","templated":true}]}}