{"id":1057,"date":"2024-06-13T09:03:28","date_gmt":"2024-06-13T07:03:28","guid":{"rendered":"https:\/\/www.outdoorathleten.de\/?page_id=1057"},"modified":"2025-06-24T13:16:55","modified_gmt":"2025-06-24T11:16:55","slug":"mitmachen","status":"publish","type":"page","link":"https:\/\/www.outdoorathleten.de\/en\/mitmachen\/","title":{"rendered":"Get started!"},"content":{"rendered":"<p>[et_pb_section fb_built=&#8220;1&#8243; admin_label=&#8220;Section&#8220; module_class=&#8220;hero&#8220; _builder_version=&#8220;4.24.0&#8243; _module_preset=&#8220;default&#8220; background_image=&#8220;https:\/\/www.outdoorathleten.de\/wp-content\/uploads\/mitmachen.png&#8220; min_height=&#8220;80vh&#8220; custom_padding=&#8220;10vh||10vh||true|false&#8220; da_disable_devices=&#8220;off|off|off&#8220; global_colors_info=&#8220;{}&#8220; da_is_popup=&#8220;off&#8220; da_exit_intent=&#8220;off&#8220; da_has_close=&#8220;on&#8220; da_alt_close=&#8220;off&#8220; da_dark_close=&#8220;off&#8220; da_not_modal=&#8220;on&#8220; da_is_singular=&#8220;off&#8220; da_with_loader=&#8220;off&#8220; da_has_shadow=&#8220;on&#8220;][et_pb_row _builder_version=&#8220;4.24.0&#8243; _module_preset=&#8220;default&#8220; width=&#8220;100%&#8220; global_colors_info=&#8220;{}&#8220;][et_pb_column type=&#8220;4_4&#8243; _builder_version=&#8220;4.24.0&#8243; _module_preset=&#8220;default&#8220; global_colors_info=&#8220;{}&#8220;][et_pb_text disabled_on=&#8220;on|off|off&#8220; _builder_version=&#8220;4.24.0&#8243; _module_preset=&#8220;default&#8220; header_text_align=&#8220;center&#8220; global_colors_info=&#8220;{}&#8220;]<\/p>\n<h1>OUTDOOR ATHLETEN<br \/>\n<span>Mitmachen<\/span><\/h1>\n<p>[\/et_pb_text][et_pb_text disabled_on=&#8220;off|on|on&#8220; _builder_version=&#8220;4.27.0&#8243; _module_preset=&#8220;default&#8220; header_text_align=&#8220;center&#8220; header_line_height=&#8220;2em&#8220; global_colors_info=&#8220;{}&#8220;]<\/p>\n<h1>OUTDOOR ATHLETEN<br \/><span>Mitmachen<\/span><\/h1>\n<p>[\/et_pb_text][et_pb_text disabled_on=&#8220;off|off|off&#8220; _builder_version=&#8220;4.27.0&#8243; _module_preset=&#8220;default&#8220; header_2_text_align=&#8220;center&#8220; header_2_text_color=&#8220;#000000&#8243; header_3_text_align=&#8220;center&#8220; custom_padding=&#8220;40px||40px||true|false&#8220; global_colors_info=&#8220;{}&#8220;]<\/p>\n<h3><span>Buch dir ganz einfach deine ersten beiden kostenlosen Probetrainings unterhalb und starte deine Fitnessreise mit uns \u00fcber die Krankenkasse oder deine flexible 12er Karte. Falls du Fragen hast schau dir unsere &#8218;How to&#8216;-Seite an oder schreib uns eine WhatsApp oder eine Mail.<\/span><\/h3>\n<p>[\/et_pb_text][et_pb_button button_url=&#8220;#info&#8220; button_text=&#8220;SCHAU DIR UNSERE PRODUKTE AN&#8220; button_alignment=&#8220;center&#8220; _builder_version=&#8220;4.27.2&#8243; _module_preset=&#8220;default&#8220; custom_button=&#8220;on&#8220; button_text_color=&#8220;#FFFFFF&#8220; custom_padding=&#8220;|40px||40px|false|true&#8220; global_colors_info=&#8220;{}&#8220;][\/et_pb_button][\/et_pb_column][\/et_pb_row][\/et_pb_section][et_pb_section fb_built=&#8220;1&#8243; _builder_version=&#8220;4.24.0&#8243; _module_preset=&#8220;default&#8220; da_disable_devices=&#8220;off|off|off&#8220; saved_tabs=&#8220;all&#8220; global_colors_info=&#8220;{}&#8220; global_module=&#8220;1445&#8243; theme_builder_area=&#8220;post_content&#8220; da_is_popup=&#8220;off&#8220; da_exit_intent=&#8220;off&#8220; da_has_close=&#8220;on&#8220; da_alt_close=&#8220;off&#8220; da_dark_close=&#8220;off&#8220; da_not_modal=&#8220;on&#8220; da_is_singular=&#8220;off&#8220; da_with_loader=&#8220;off&#8220; da_has_shadow=&#8220;on&#8220;][et_pb_row _builder_version=&#8220;4.24.0&#8243; _module_preset=&#8220;default&#8220; global_colors_info=&#8220;{}&#8220; theme_builder_area=&#8220;post_content&#8220;][et_pb_column type=&#8220;4_4&#8243; _builder_version=&#8220;4.24.0&#8243; _module_preset=&#8220;default&#8220; global_colors_info=&#8220;{}&#8220; theme_builder_area=&#8220;post_content&#8220;][et_pb_text _builder_version=&#8220;4.24.0&#8243; _module_preset=&#8220;default&#8220; header_2_text_align=&#8220;center&#8220; global_colors_info=&#8220;{}&#8220; theme_builder_area=&#8220;post_content&#8220;]<\/p>\n<h2><span>Termine einfach per Smartphone oder im Browser buchen!<\/span><\/h2>\n<p>[\/et_pb_text][\/et_pb_column][\/et_pb_row][et_pb_row column_structure=&#8220;1_3,1_3,1_3&#8243; _builder_version=&#8220;4.24.0&#8243; _module_preset=&#8220;default&#8220; global_colors_info=&#8220;{}&#8220; theme_builder_area=&#8220;post_content&#8220;][et_pb_column type=&#8220;1_3&#8243; _builder_version=&#8220;4.24.0&#8243; _module_preset=&#8220;default&#8220; global_colors_info=&#8220;{}&#8220; theme_builder_area=&#8220;post_content&#8220;][et_pb_image src=&#8220;https:\/\/www.outdoorathleten.de\/wp-content\/uploads\/oa-open-browser.jpg&#8220; title_text=&#8220;oa-open-browser&#8220; url=&#8220;https:\/\/backoffice.bsport.io\/m\/outdoorathleten\/2721\/calendar\/?tabSelected=0&#8243; url_new_window=&#8220;on&#8220; disabled_on=&#8220;off|off|off&#8220; _builder_version=&#8220;4.27.0&#8243; _module_preset=&#8220;default&#8220; animation_style=&#8220;slide&#8220; global_colors_info=&#8220;{}&#8220; theme_builder_area=&#8220;post_content&#8220;][\/et_pb_image][\/et_pb_column][et_pb_column type=&#8220;1_3&#8243; _builder_version=&#8220;4.24.0&#8243; _module_preset=&#8220;default&#8220; global_colors_info=&#8220;{}&#8220; theme_builder_area=&#8220;post_content&#8220;][et_pb_image src=&#8220;https:\/\/www.outdoorathleten.de\/wp-content\/uploads\/oa-app-download-google.png&#8220; title_text=&#8220;oa-app-download-google&#8220; url=&#8220;https:\/\/play.google.com\/store\/apps\/details?id=com.bsport_52__2721&#8243; url_new_window=&#8220;on&#8220; disabled_on=&#8220;off|off|off&#8220; _builder_version=&#8220;4.27.4&#8243; _module_preset=&#8220;default&#8220; animation_style=&#8220;slide&#8220; global_colors_info=&#8220;{}&#8220; theme_builder_area=&#8220;post_content&#8220;][\/et_pb_image][\/et_pb_column][et_pb_column type=&#8220;1_3&#8243; _builder_version=&#8220;4.24.0&#8243; _module_preset=&#8220;default&#8220; global_colors_info=&#8220;{}&#8220; theme_builder_area=&#8220;post_content&#8220;][et_pb_image src=&#8220;https:\/\/www.outdoorathleten.de\/wp-content\/uploads\/oa-app-download-apple.png&#8220; title_text=&#8220;oa-app-download-apple&#8220; url=&#8220;https:\/\/apps.apple.com\/us\/app\/oa-training\/id6596749531&#8243; url_new_window=&#8220;on&#8220; align=&#8220;center&#8220; _builder_version=&#8220;4.27.0&#8243; _module_preset=&#8220;default&#8220; custom_padding=&#8220;||0px|||&#8220; animation_style=&#8220;slide&#8220; global_colors_info=&#8220;{}&#8220; theme_builder_area=&#8220;post_content&#8220;][\/et_pb_image][\/et_pb_column][\/et_pb_row][\/et_pb_section][et_pb_section fb_built=&#8220;1&#8243; admin_label=&#8220;Section&#8220; module_class=&#8220;steps-intersection&#8220; _builder_version=&#8220;4.24.0&#8243; _module_preset=&#8220;default&#8220; background_enable_color=&#8220;off&#8220; use_background_color_gradient=&#8220;on&#8220; background_color_gradient_direction=&#8220;90deg&#8220; background_color_gradient_stops=&#8220;#9ef900 0%|#006e75 100%&#8220; background_image=&#8220;https:\/\/www.outdoorathleten.de\/wp-content\/uploads\/steps-left-right.png&#8220; background_size=&#8220;contain&#8220; background_repeat=&#8220;repeat-x&#8220; custom_margin=&#8220;6vh||6vh||true|false&#8220; custom_padding=&#8220;||||false|false&#8220; da_disable_devices=&#8220;off|off|off&#8220; global_colors_info=&#8220;{}&#8220; da_is_popup=&#8220;off&#8220; da_exit_intent=&#8220;off&#8220; da_has_close=&#8220;on&#8220; da_alt_close=&#8220;off&#8220; da_dark_close=&#8220;off&#8220; da_not_modal=&#8220;on&#8220; da_is_singular=&#8220;off&#8220; da_with_loader=&#8220;off&#8220; da_has_shadow=&#8220;on&#8220;][et_pb_row _builder_version=&#8220;4.24.0&#8243; _module_preset=&#8220;default&#8220; global_colors_info=&#8220;{}&#8220;][et_pb_column type=&#8220;4_4&#8243; _builder_version=&#8220;4.24.0&#8243; _module_preset=&#8220;default&#8220; global_colors_info=&#8220;{}&#8220;][\/et_pb_column][\/et_pb_row][\/et_pb_section][et_pb_section fb_built=&#8220;1&#8243; admin_label=&#8220;Section&#8220; module_id=&#8220;info&#8220; _builder_version=&#8220;4.24.0&#8243; _module_preset=&#8220;default&#8220; custom_padding=&#8220;6vh||6vh||true|false&#8220; da_popup_slug=&#8220;info&#8220; da_disable_devices=&#8220;off|off|off&#8220; global_colors_info=&#8220;{}&#8220; da_is_popup=&#8220;off&#8220; da_exit_intent=&#8220;off&#8220; da_has_close=&#8220;on&#8220; da_alt_close=&#8220;off&#8220; da_dark_close=&#8220;off&#8220; da_not_modal=&#8220;on&#8220; da_is_singular=&#8220;off&#8220; da_with_loader=&#8220;off&#8220; da_has_shadow=&#8220;on&#8220;][et_pb_row _builder_version=&#8220;4.24.0&#8243; _module_preset=&#8220;default&#8220; width=&#8220;100%&#8220; custom_padding=&#8220;40px|40px|20px|40px|false|true&#8220; global_colors_info=&#8220;{}&#8220;][et_pb_column type=&#8220;4_4&#8243; _builder_version=&#8220;4.24.0&#8243; _module_preset=&#8220;default&#8220; global_colors_info=&#8220;{}&#8220;][et_pb_image src=&#8220;https:\/\/www.outdoorathleten.de\/wp-content\/uploads\/oa-linie.png&#8220; title_text=&#8220;oa-linie&#8220; align=&#8220;center&#8220; _builder_version=&#8220;4.24.0&#8243; _module_preset=&#8220;default&#8220; animation_style=&#8220;slide&#8220; animation_direction=&#8220;left&#8220; global_colors_info=&#8220;{}&#8220;][\/et_pb_image][\/et_pb_column][\/et_pb_row][\/et_pb_section][et_pb_section fb_built=&#8220;1&#8243; fullwidth=&#8220;on&#8220; _builder_version=&#8220;4.24.0&#8243; _module_preset=&#8220;default&#8220; custom_padding=&#8220;|10%||10%|false|true&#8220; da_disable_devices=&#8220;off|off|off&#8220; global_colors_info=&#8220;{}&#8220; da_is_popup=&#8220;off&#8220; da_exit_intent=&#8220;off&#8220; da_has_close=&#8220;on&#8220; da_alt_close=&#8220;off&#8220; da_dark_close=&#8220;off&#8220; da_not_modal=&#8220;on&#8220; da_is_singular=&#8220;off&#8220; da_with_loader=&#8220;off&#8220; da_has_shadow=&#8220;on&#8220;][et_pb_fullwidth_code disabled_on=&#8220;on|on|on&#8220; _builder_version=&#8220;4.27.0&#8243; _module_preset=&#8220;default&#8220; disabled=&#8220;on&#8220; global_colors_info=&#8220;{}&#8220;]<!-- Fitogram Booking Tool starts here --><!-- [et_pb_line_break_holder] --><\/p>\n<div id=\"fitogram-booking-tool\"><\/div>\n<p><!-- [et_pb_line_break_holder] --><script type=\"text\/javascript\" src=\"https:\/\/widget.fitogram.pro\/widget.min.js\"><\/script><!-- [et_pb_line_break_holder] --><script><!-- [et_pb_line_break_holder] -->  Widget.default.config({ domain: 'outdoorathleten', loginTarget: 'offers', selector: '#fitogram-booking-tool' });<!-- [et_pb_line_break_holder] -->  Widget.default.calendar.new().render();<!-- [et_pb_line_break_holder] --><\/script><!-- [et_pb_line_break_holder] --><!-- Fitogram Booking Tool ends here -->[\/et_pb_fullwidth_code][et_pb_fullwidth_code _builder_version=&#8220;4.27.4&#8243; _module_preset=&#8220;default&#8220; global_colors_info=&#8220;{}&#8220;]<script id=\"insert-bsport-widget-cdn\">!function (b, s, p, o, r, t) { !typeof window.BsportWidget !== \"undefined\" && !document.getElementById(\"bsport-widget-cdn\") && !function () { m = b.createElement(s), m.id = \"bsport-widget-cdn\", m.src = p, b.getElementsByTagName(\"head\")[0].appendChild(m) }() }(document, \"script\", \"https:\/\/cdn.bsport.io\/scripts\/widget.js\")<\/script><!-- [et_pb_line_break_holder] -->    <script id=\"bsport-widget-mount\"><!-- [et_pb_line_break_holder] -->        function MountBsportWidget(config, repeat=1) {<!-- [et_pb_line_break_holder] -->            if (repeat > 50) { return }<!-- [et_pb_line_break_holder] -->            if (!window.BsportWidget) {<!-- [et_pb_line_break_holder] -->                return setTimeout(() => {<!-- [et_pb_line_break_holder] -->                    MountBsportWidget(config,repeat+1)<!-- [et_pb_line_break_holder] -->                }, 100 * repeat || 1)<!-- [et_pb_line_break_holder] -->            }<!-- [et_pb_line_break_holder] -->            BsportWidget.mount(config)<!-- [et_pb_line_break_holder] -->        }<!-- [et_pb_line_break_holder] -->    <\/script><!-- [et_pb_line_break_holder] -->    <script><!-- [et_pb_line_break_holder] -->        MountBsportWidget({<!-- [et_pb_line_break_holder] -->                \"parentElement\": \"bsport-widget-883631\",<!-- [et_pb_line_break_holder] -->                \"companyId\": 2721,<!-- [et_pb_line_break_holder] -->                \"franchiseId\": null,<!-- [et_pb_line_break_holder] -->                \"dialogMode\": 1,<!-- [et_pb_line_break_holder] -->                \"widgetType\": \"subscription\", <!-- [et_pb_line_break_holder] -->                \"showFab\": false,<!-- [et_pb_line_break_holder] -->                \"fullScreenPopup\": false,<!-- [et_pb_line_break_holder] -->                \"styles\":undefined,<!-- [et_pb_line_break_holder] -->                \"config\": {<!-- [et_pb_line_break_holder] -->                    \"subscription\": {}<!-- [et_pb_line_break_holder] -->                }  <!-- [et_pb_line_break_holder] -->            })<!-- [et_pb_line_break_holder] -->    <\/script><!-- [et_pb_line_break_holder] --><\/p>\n<div>\n<div id=\"bsport-widget-883631\"\/><\/div>\n<\/div>\n<p>[\/et_pb_fullwidth_code][et_pb_fullwidth_code _builder_version=&#8220;4.27.0&#8243; _module_preset=&#8220;default&#8220; global_colors_info=&#8220;{}&#8220;]<script id=\"insert-bsport-widget-cdn\">!function (b, s, p, o, r, t) { !typeof window.BsportWidget !== \"undefined\" && !document.getElementById(\"bsport-widget-cdn\") && !function () { m = b.createElement(s), m.id = \"bsport-widget-cdn\", m.src = p, b.getElementsByTagName(\"head\")[0].appendChild(m) }() }(document, \"script\", \"https:\/\/cdn.bsport.io\/scripts\/widget.js\")<\/script><!-- [et_pb_line_break_holder] -->    <script id=\"bsport-widget-mount\"><!-- [et_pb_line_break_holder] -->        function MountBsportWidget(config, repeat=1) {<!-- [et_pb_line_break_holder] -->            if (repeat > 50) { return }<!-- [et_pb_line_break_holder] -->            if (!window.BsportWidget) {<!-- [et_pb_line_break_holder] -->                return setTimeout(() => {<!-- [et_pb_line_break_holder] -->                    MountBsportWidget(config,repeat+1)<!-- [et_pb_line_break_holder] -->                }, 100 * repeat || 1)<!-- [et_pb_line_break_holder] -->            }<!-- [et_pb_line_break_holder] -->            BsportWidget.mount(config)<!-- [et_pb_line_break_holder] -->        }<!-- [et_pb_line_break_holder] -->    <\/script><!-- [et_pb_line_break_holder] -->    <script><!-- [et_pb_line_break_holder] -->        MountBsportWidget({<!-- [et_pb_line_break_holder] -->                \"parentElement\": \"bsport-widget-318290\",<!-- [et_pb_line_break_holder] -->                \"companyId\": 2721,<!-- [et_pb_line_break_holder] -->                \"franchiseId\": null,<!-- [et_pb_line_break_holder] -->                \"dialogMode\": 1,<!-- [et_pb_line_break_holder] -->                \"widgetType\": \"pass\", <!-- [et_pb_line_break_holder] -->                \"showFab\": false,<!-- [et_pb_line_break_holder] -->                \"fullScreenPopup\": false,<!-- [et_pb_line_break_holder] -->                \"width\": 100,<!-- [et_pb_line_break_holder] -->                \"styles\":undefined,<!-- [et_pb_line_break_holder] -->                \"config\": {<!-- [et_pb_line_break_holder] -->                    \"pass\": {                \"paymentPackCategories\": [],<!-- [et_pb_line_break_holder] -->                \"privatePassCategories\": []}<!-- [et_pb_line_break_holder] -->                }  <!-- [et_pb_line_break_holder] -->            })<!-- [et_pb_line_break_holder] -->    <\/script><!-- [et_pb_line_break_holder] --><\/p>\n<div>\n<div id=\"bsport-widget-318290\"\/><\/div>\n<\/div>\n<p>[\/et_pb_fullwidth_code][\/et_pb_section]<\/p>\n","protected":false},"excerpt":{"rendered":"<p>OUTDOOR ATHLETEN MitmachenOUTDOOR ATHLETENMitmachenBuch dir ganz einfach deine ersten beiden kostenlosen Probetrainings unterhalb und starte deine Fitnessreise mit uns \u00fcber die Krankenkasse oder deine flexible 12er Karte. Falls du Fragen hast schau dir unsere &#8218;How to&#8216;-Seite an oder schreib uns eine WhatsApp oder eine Mail.Termine einfach per Smartphone oder im Browser buchen!<\/p>","protected":false},"author":5,"featured_media":0,"parent":0,"menu_order":0,"comment_status":"closed","ping_status":"closed","template":"","meta":{"_et_pb_use_builder":"on","_et_pb_old_content":"","_et_gb_content_width":"","footnotes":""},"difl_page_category":[],"class_list":["post-1057","page","type-page","status-publish","hentry"],"yoast_head":"<!-- This site is optimized with the Yoast SEO plugin v27.4 - https:\/\/yoast.com\/product\/yoast-seo-wordpress\/ -->\n<title>Mache jetzt mit! - Outdoor Fitnessstudio - Outdoor Athleten<\/title>\n<meta name=\"description\" content=\"Du willst regelm\u00e4\u00dfig trainieren und Spa\u00df haben beim gemeinsamen Power Training. Dann komm zum kostenlosen Probetraining und triff auf Gleichgesinnte.\" \/>\n<meta name=\"robots\" content=\"index, follow, max-snippet:-1, max-image-preview:large, max-video-preview:-1\" \/>\n<link rel=\"canonical\" href=\"https:\/\/www.outdoorathleten.de\/en\/mitmachen\/\" \/>\n<meta property=\"og:locale\" content=\"en_US\" \/>\n<meta property=\"og:type\" content=\"article\" \/>\n<meta property=\"og:title\" content=\"Mache jetzt mit! - Outdoor Fitnessstudio - Outdoor Athleten\" \/>\n<meta property=\"og:description\" content=\"Du willst regelm\u00e4\u00dfig trainieren und Spa\u00df haben beim gemeinsamen Power Training. Dann komm zum kostenlosen Probetraining und triff auf Gleichgesinnte.\" \/>\n<meta property=\"og:url\" content=\"https:\/\/www.outdoorathleten.de\/en\/mitmachen\/\" \/>\n<meta property=\"og:site_name\" content=\"Outdoor Athleten\" \/>\n<meta property=\"article:modified_time\" content=\"2025-06-24T11:16:55+00:00\" \/>\n<meta name=\"twitter:card\" content=\"summary_large_image\" \/>\n<meta name=\"twitter:label1\" content=\"Est. reading time\" \/>\n\t<meta name=\"twitter:data1\" content=\"1 minute\" \/>\n<script type=\"application\/ld+json\" class=\"yoast-schema-graph\">{\"@context\":\"https:\\\/\\\/schema.org\",\"@graph\":[{\"@type\":\"WebPage\",\"@id\":\"https:\\\/\\\/www.outdoorathleten.de\\\/mitmachen\\\/\",\"url\":\"https:\\\/\\\/www.outdoorathleten.de\\\/mitmachen\\\/\",\"name\":\"Mache jetzt mit! - Outdoor Fitnessstudio - Outdoor Athleten\",\"isPartOf\":{\"@id\":\"https:\\\/\\\/www.outdoorathleten.de\\\/#website\"},\"datePublished\":\"2024-06-13T07:03:28+00:00\",\"dateModified\":\"2025-06-24T11:16:55+00:00\",\"description\":\"Du willst regelm\u00e4\u00dfig trainieren und Spa\u00df haben beim gemeinsamen Power Training. Dann komm zum kostenlosen Probetraining und triff auf Gleichgesinnte.\",\"inLanguage\":\"en-US\",\"potentialAction\":[{\"@type\":\"ReadAction\",\"target\":[\"https:\\\/\\\/www.outdoorathleten.de\\\/mitmachen\\\/\"]}]},{\"@type\":\"WebSite\",\"@id\":\"https:\\\/\\\/www.outdoorathleten.de\\\/#website\",\"url\":\"https:\\\/\\\/www.outdoorathleten.de\\\/\",\"name\":\"Outdoor Athleten\",\"description\":\"\",\"potentialAction\":[{\"@type\":\"SearchAction\",\"target\":{\"@type\":\"EntryPoint\",\"urlTemplate\":\"https:\\\/\\\/www.outdoorathleten.de\\\/?s={search_term_string}\"},\"query-input\":{\"@type\":\"PropertyValueSpecification\",\"valueRequired\":true,\"valueName\":\"search_term_string\"}}],\"inLanguage\":\"en-US\"}]}<\/script>\n<!-- \/ Yoast SEO plugin. -->","yoast_head_json":{"title":"Mache jetzt mit! - Outdoor Fitnessstudio - Outdoor Athleten","description":"Du willst regelm\u00e4\u00dfig trainieren und Spa\u00df haben beim gemeinsamen Power Training. Dann komm zum kostenlosen Probetraining und triff auf Gleichgesinnte.","robots":{"index":"index","follow":"follow","max-snippet":"max-snippet:-1","max-image-preview":"max-image-preview:large","max-video-preview":"max-video-preview:-1"},"canonical":"https:\/\/www.outdoorathleten.de\/en\/mitmachen\/","og_locale":"en_US","og_type":"article","og_title":"Mache jetzt mit! - Outdoor Fitnessstudio - Outdoor Athleten","og_description":"Du willst regelm\u00e4\u00dfig trainieren und Spa\u00df haben beim gemeinsamen Power Training. Dann komm zum kostenlosen Probetraining und triff auf Gleichgesinnte.","og_url":"https:\/\/www.outdoorathleten.de\/en\/mitmachen\/","og_site_name":"Outdoor Athleten","article_modified_time":"2025-06-24T11:16:55+00:00","twitter_card":"summary_large_image","twitter_misc":{"Est. reading time":"1 minute"},"schema":{"@context":"https:\/\/schema.org","@graph":[{"@type":"WebPage","@id":"https:\/\/www.outdoorathleten.de\/mitmachen\/","url":"https:\/\/www.outdoorathleten.de\/mitmachen\/","name":"Mache jetzt mit! - Outdoor Fitnessstudio - Outdoor Athleten","isPartOf":{"@id":"https:\/\/www.outdoorathleten.de\/#website"},"datePublished":"2024-06-13T07:03:28+00:00","dateModified":"2025-06-24T11:16:55+00:00","description":"Du willst regelm\u00e4\u00dfig trainieren und Spa\u00df haben beim gemeinsamen Power Training. Dann komm zum kostenlosen Probetraining und triff auf Gleichgesinnte.","inLanguage":"en-US","potentialAction":[{"@type":"ReadAction","target":["https:\/\/www.outdoorathleten.de\/mitmachen\/"]}]},{"@type":"WebSite","@id":"https:\/\/www.outdoorathleten.de\/#website","url":"https:\/\/www.outdoorathleten.de\/","name":"Outdoor Athleten","description":"","potentialAction":[{"@type":"SearchAction","target":{"@type":"EntryPoint","urlTemplate":"https:\/\/www.outdoorathleten.de\/?s={search_term_string}"},"query-input":{"@type":"PropertyValueSpecification","valueRequired":true,"valueName":"search_term_string"}}],"inLanguage":"en-US"}]}},"_links":{"self":[{"href":"https:\/\/www.outdoorathleten.de\/en\/wp-json\/wp\/v2\/pages\/1057","targetHints":{"allow":["GET"]}}],"collection":[{"href":"https:\/\/www.outdoorathleten.de\/en\/wp-json\/wp\/v2\/pages"}],"about":[{"href":"https:\/\/www.outdoorathleten.de\/en\/wp-json\/wp\/v2\/types\/page"}],"author":[{"embeddable":true,"href":"https:\/\/www.outdoorathleten.de\/en\/wp-json\/wp\/v2\/users\/5"}],"replies":[{"embeddable":true,"href":"https:\/\/www.outdoorathleten.de\/en\/wp-json\/wp\/v2\/comments?post=1057"}],"version-history":[{"count":29,"href":"https:\/\/www.outdoorathleten.de\/en\/wp-json\/wp\/v2\/pages\/1057\/revisions"}],"predecessor-version":[{"id":30514,"href":"https:\/\/www.outdoorathleten.de\/en\/wp-json\/wp\/v2\/pages\/1057\/revisions\/30514"}],"wp:attachment":[{"href":"https:\/\/www.outdoorathleten.de\/en\/wp-json\/wp\/v2\/media?parent=1057"}],"wp:term":[{"taxonomy":"difl_page_category","embeddable":true,"href":"https:\/\/www.outdoorathleten.de\/en\/wp-json\/wp\/v2\/difl_page_category?post=1057"}],"curies":[{"name":"wp","href":"https:\/\/api.w.org\/{rel}","templated":true}]}}